{"id":16270,"date":"2023-05-29T10:53:15","date_gmt":"2023-05-29T07:53:15","guid":{"rendered":"https:\/\/lokys.lt\/1683015980784?page_id=16270"},"modified":"2026-03-21T18:16:30","modified_gmt":"2026-03-21T16:16:30","slug":"valentines-day","status":"publish","type":"page","link":"https:\/\/lokys.lt\/en\/events\/valentines-day\/","title":{"rendered":"VALENTINE&#8217;S DAY"},"content":{"rendered":"\t\t<div data-elementor-type=\"wp-page\" data-elementor-id=\"16270\" class=\"elementor elementor-16270 elementor-15501\" data-elementor-post-type=\"page\">\n\t\t\t\t<div class=\"elementor-element elementor-element-5357e13 e-flex e-con-boxed e-con e-parent\" data-id=\"5357e13\" data-element_type=\"container\" data-e-type=\"container\" data-settings=\"{&quot;background_background&quot;:&quot;classic&quot;}\">\n\t\t\t\t\t<div class=\"e-con-inner\">\n\t\t\t\t<div class=\"elementor-element elementor-element-40f251d elementor-widget elementor-widget-heading\" data-id=\"40f251d\" data-element_type=\"widget\" data-e-type=\"widget\" data-widget_type=\"heading.default\">\n\t\t\t\t<div class=\"elementor-widget-container\">\n\t\t\t\t\t<h1 class=\"elementor-heading-title elementor-size-default\">VALENTINE&#8217;S DAY<\/h1>\t\t\t\t<\/div>\n\t\t\t\t<\/div>\n\t\t\t\t\t<\/div>\n\t\t\t\t<\/div>\n\t\t<div class=\"elementor-element elementor-element-0527148 e-flex e-con-boxed e-con e-parent\" data-id=\"0527148\" data-element_type=\"container\" data-e-type=\"container\" data-settings=\"{&quot;background_background&quot;:&quot;classic&quot;}\">\n\t\t\t\t\t<div class=\"e-con-inner\">\n\t\t<div class=\"elementor-element elementor-element-4a45a09 e-con-full e-flex e-con e-parent\" data-id=\"4a45a09\" data-element_type=\"container\" data-e-type=\"container\">\n\t\t\t\t<div class=\"elementor-element elementor-element-9b9599a elementor-widget elementor-widget-heading\" data-id=\"9b9599a\" data-element_type=\"widget\" data-e-type=\"widget\" data-widget_type=\"heading.default\">\n\t\t\t\t<div class=\"elementor-widget-container\">\n\t\t\t\t\t<h2 class=\"elementor-heading-title elementor-size-default\">\u0160V. VALENTINO DIENOS PASI\u016aLYMAS<\/h2>\t\t\t\t<\/div>\n\t\t\t\t<\/div>\n\t\t\t\t<div class=\"elementor-element elementor-element-d4bee40 elementor-widget-divider--view-line elementor-widget elementor-widget-divider\" data-id=\"d4bee40\" data-element_type=\"widget\" data-e-type=\"widget\" data-widget_type=\"divider.default\">\n\t\t\t\t<div class=\"elementor-widget-container\">\n\t\t\t\t\t\t\t<div class=\"elementor-divider\">\n\t\t\t<span class=\"elementor-divider-separator\">\n\t\t\t\t\t\t<\/span>\n\t\t<\/div>\n\t\t\t\t\t\t<\/div>\n\t\t\t\t<\/div>\n\t\t\t\t<div class=\"elementor-element elementor-element-884a398 elementor-widget__width-inherit elementor-widget-tablet__width-inherit elementor-widget elementor-widget-text-editor\" data-id=\"884a398\" data-element_type=\"widget\" data-e-type=\"widget\" data-widget_type=\"text-editor.default\">\n\t\t\t\t<div class=\"elementor-widget-container\">\n\t\t\t\t\t\t\t\t\t<p>Pasakyti ypatingus \u017eod\u017eius galima ir kitaip! \ud83d\udc95<\/p>\n<p>\u0160v. Valentino dien\u0105 rezervuokite romanti\u0161k\u0105 vakarien\u0119 restorane \u201eLokys\u201c ir tur\u0117site prog\u0105 padaryti unikali\u0105 staigmen\u0105 \u2013 meil\u0117s \u017eod\u017eius\u00a0<strong>u\u017era\u0161yti kavos puodelyje<\/strong>!<\/p>\n<p><strong>Trumpa instrukcija:\u00a0<\/strong><br \/>1. U\u017esisakykite\u00a0<strong>Valentino kavos\u00a0<\/strong>(cappuccino arba latte)<br \/>2. Eikite su padav\u0117ju iki staigmen\u0173 aparato, kur gal\u0117site i\u0161sirinkti paveiksl\u0117l\u012f i\u0161 m\u016bs\u0173 galerijos arba \u012fkelti savo turim\u0105 nuotrauk\u0105<br \/>3. Gr\u012f\u017ekite prie staliuko ir laukite susi\u017eav\u0117jimo reakcijos!<\/p>\n<p>Rezervacijoms:\u00a0<a href=\"https:\/\/lokys.lt\/rezervacijos\/\">lokys.lt\/rezervacijos\/<\/a>\u00a0arba telefonu +37052629046.<\/p>\n\t\t\t\t\t\t\t\t<\/div>\n\t\t\t\t<\/div>\n\t\t\t\t<\/div>\n\t\t<div class=\"elementor-element elementor-element-2024026 e-con-full e-flex e-con e-parent\" data-id=\"2024026\" data-element_type=\"container\" data-e-type=\"container\">\n\t\t\t\t<div class=\"elementor-element elementor-element-489936e elementor-widget elementor-widget-gallery\" data-id=\"489936e\" data-element_type=\"widget\" data-e-type=\"widget\" data-settings=\"{&quot;gallery_layout&quot;:&quot;masonry&quot;,&quot;columns&quot;:2,&quot;columns_mobile&quot;:2,&quot;columns_tablet&quot;:2,&quot;gap&quot;:{&quot;unit&quot;:&quot;px&quot;,&quot;size&quot;:10,&quot;sizes&quot;:[]},&quot;gap_tablet&quot;:{&quot;unit&quot;:&quot;px&quot;,&quot;size&quot;:10,&quot;sizes&quot;:[]},&quot;gap_mobile&quot;:{&quot;unit&quot;:&quot;px&quot;,&quot;size&quot;:10,&quot;sizes&quot;:[]},&quot;link_to&quot;:&quot;file&quot;,&quot;overlay_background&quot;:&quot;yes&quot;,&quot;content_hover_animation&quot;:&quot;fade-in&quot;}\" data-widget_type=\"gallery.default\">\n\t\t\t\t<div class=\"elementor-widget-container\">\n\t\t\t\t\t\t\t<div class=\"elementor-gallery__container\">\n\t\t\t\t\t\t\t<a class=\"e-gallery-item elementor-gallery-item elementor-animated-content\" href=\"https:\/\/lokys.lt\/wp-content\/uploads\/2022\/01\/love-you-more.jpg\" data-elementor-open-lightbox=\"yes\" data-elementor-lightbox-slideshow=\"489936e\" data-elementor-lightbox-title=\"love you more\" data-elementor-lightbox-description=\"Valentino dienos pasi\u016blymas\" data-e-action-hash=\"#elementor-action%3Aaction%3Dlightbox%26settings%3DeyJpZCI6ODQ2NSwidXJsIjoiaHR0cHM6XC9cL2xva3lzLmx0XC93cC1jb250ZW50XC91cGxvYWRzXC8yMDIyXC8wMVwvbG92ZS15b3UtbW9yZS5qcGciLCJzbGlkZXNob3ciOiI0ODk5MzZlIn0%3D\">\n\t\t\t\t\t<div class=\"e-gallery-image elementor-gallery-item__image\" data-thumbnail=\"https:\/\/lokys.lt\/wp-content\/uploads\/2022\/01\/love-you-more.jpg\" data-width=\"500\" data-height=\"500\" aria-label=\"Valentino dienos pasi\u016blymas\" role=\"img\" ><\/div>\n\t\t\t\t\t\t\t\t\t\t\t<div class=\"elementor-gallery-item__overlay\"><\/div>\n\t\t\t\t\t\t\t\t\t\t\t\t\t\t<\/a>\n\t\t\t\t\t\t\t<a class=\"e-gallery-item elementor-gallery-item elementor-animated-content\" href=\"https:\/\/lokys.lt\/wp-content\/uploads\/2022\/01\/myliu-tave.jpg\" data-elementor-open-lightbox=\"yes\" data-elementor-lightbox-slideshow=\"489936e\" data-elementor-lightbox-title=\"myliu tave\" data-elementor-lightbox-description=\"Valentino dienos pasi\u016blymas\" data-e-action-hash=\"#elementor-action%3Aaction%3Dlightbox%26settings%3DeyJpZCI6ODQ2OCwidXJsIjoiaHR0cHM6XC9cL2xva3lzLmx0XC93cC1jb250ZW50XC91cGxvYWRzXC8yMDIyXC8wMVwvbXlsaXUtdGF2ZS5qcGciLCJzbGlkZXNob3ciOiI0ODk5MzZlIn0%3D\">\n\t\t\t\t\t<div class=\"e-gallery-image elementor-gallery-item__image\" data-thumbnail=\"https:\/\/lokys.lt\/wp-content\/uploads\/2022\/01\/myliu-tave.jpg\" data-width=\"500\" data-height=\"500\" aria-label=\"Valentino dienos pasi\u016blymas\" role=\"img\" ><\/div>\n\t\t\t\t\t\t\t\t\t\t\t<div class=\"elementor-gallery-item__overlay\"><\/div>\n\t\t\t\t\t\t\t\t\t\t\t\t\t\t<\/a>\n\t\t\t\t\t\t\t<a class=\"e-gallery-item elementor-gallery-item elementor-animated-content\" href=\"https:\/\/lokys.lt\/wp-content\/uploads\/2022\/01\/as-laiminga.jpg\" data-elementor-open-lightbox=\"yes\" data-elementor-lightbox-slideshow=\"489936e\" data-elementor-lightbox-title=\"a\u0161 laiminga\" data-elementor-lightbox-description=\"Valentino dienos pasi\u016blymas\" data-e-action-hash=\"#elementor-action%3Aaction%3Dlightbox%26settings%3DeyJpZCI6ODQ2MiwidXJsIjoiaHR0cHM6XC9cL2xva3lzLmx0XC93cC1jb250ZW50XC91cGxvYWRzXC8yMDIyXC8wMVwvYXMtbGFpbWluZ2EuanBnIiwic2xpZGVzaG93IjoiNDg5OTM2ZSJ9\">\n\t\t\t\t\t<div class=\"e-gallery-image elementor-gallery-item__image\" data-thumbnail=\"https:\/\/lokys.lt\/wp-content\/uploads\/2022\/01\/as-laiminga.jpg\" data-width=\"500\" data-height=\"500\" aria-label=\"Valentino dienos pasi\u016blymas\" role=\"img\" ><\/div>\n\t\t\t\t\t\t\t\t\t\t\t<div class=\"elementor-gallery-item__overlay\"><\/div>\n\t\t\t\t\t\t\t\t\t\t\t\t\t\t<\/a>\n\t\t\t\t\t\t\t<a class=\"e-gallery-item elementor-gallery-item elementor-animated-content\" href=\"https:\/\/lokys.lt\/wp-content\/uploads\/2022\/01\/to-the-moon-and-back.jpg\" data-elementor-open-lightbox=\"yes\" data-elementor-lightbox-slideshow=\"489936e\" data-elementor-lightbox-title=\"to the moon and back\" data-elementor-lightbox-description=\"Valentino dienos pasi\u016blymas\" data-e-action-hash=\"#elementor-action%3Aaction%3Dlightbox%26settings%3DeyJpZCI6ODQ3NCwidXJsIjoiaHR0cHM6XC9cL2xva3lzLmx0XC93cC1jb250ZW50XC91cGxvYWRzXC8yMDIyXC8wMVwvdG8tdGhlLW1vb24tYW5kLWJhY2suanBnIiwic2xpZGVzaG93IjoiNDg5OTM2ZSJ9\">\n\t\t\t\t\t<div class=\"e-gallery-image elementor-gallery-item__image\" data-thumbnail=\"https:\/\/lokys.lt\/wp-content\/uploads\/2022\/01\/to-the-moon-and-back.jpg\" data-width=\"500\" data-height=\"500\" aria-label=\"Valentino dienos pasi\u016blymas\" role=\"img\" ><\/div>\n\t\t\t\t\t\t\t\t\t\t\t<div class=\"elementor-gallery-item__overlay\"><\/div>\n\t\t\t\t\t\t\t\t\t\t\t\t\t\t<\/a>\n\t\t\t\t\t<\/div>\n\t\t\t\t\t<\/div>\n\t\t\t\t<\/div>\n\t\t\t\t<\/div>\n\t\t\t\t\t<\/div>\n\t\t\t\t<\/div>\n\t\t\t\t<\/div>\n\t\t","protected":false},"excerpt":{"rendered":"<p>\u0160V. VALENTINO DIENOS PASI\u016aLYMAS Pasakyti ypatingus \u017eod\u017eius galima ir kitaip! \ud83d\udc95 \u0160v. Valentino dien\u0105 rezervuokite romanti\u0161k\u0105 vakarien\u0119 restorane \u201eLokys\u201c ir tur\u0117site prog\u0105 padaryti unikali\u0105 staigmen\u0105 \u2013 meil\u0117s \u017eod\u017eius\u00a0u\u017era\u0161yti kavos puodelyje! Trumpa instrukcija:\u00a01. U\u017esisakykite\u00a0Valentino kavos\u00a0(cappuccino arba latte)2. Eikite su padav\u0117ju iki staigmen\u0173 aparato, kur gal\u0117site i\u0161sirinkti paveiksl\u0117l\u012f i\u0161 m\u016bs\u0173 galerijos arba \u012fkelti savo turim\u0105 nuotrauk\u01053. Gr\u012f\u017ekite [&hellip;]<\/p>\n","protected":false},"author":16,"featured_media":0,"parent":3299,"menu_order":14,"comment_status":"closed","ping_status":"closed","template":"elementor_header_footer","meta":{"footnotes":""},"class_list":["post-16270","page","type-page","status-publish","hentry"],"_links":{"self":[{"href":"https:\/\/lokys.lt\/en\/wp-json\/wp\/v2\/pages\/16270","targetHints":{"allow":["GET"]}}],"collection":[{"href":"https:\/\/lokys.lt\/en\/wp-json\/wp\/v2\/pages"}],"about":[{"href":"https:\/\/lokys.lt\/en\/wp-json\/wp\/v2\/types\/page"}],"author":[{"embeddable":true,"href":"https:\/\/lokys.lt\/en\/wp-json\/wp\/v2\/users\/16"}],"replies":[{"embeddable":true,"href":"https:\/\/lokys.lt\/en\/wp-json\/wp\/v2\/comments?post=16270"}],"version-history":[{"count":0,"href":"https:\/\/lokys.lt\/en\/wp-json\/wp\/v2\/pages\/16270\/revisions"}],"up":[{"embeddable":true,"href":"https:\/\/lokys.lt\/en\/wp-json\/wp\/v2\/pages\/3299"}],"wp:attachment":[{"href":"https:\/\/lokys.lt\/en\/wp-json\/wp\/v2\/media?parent=16270"}],"curies":[{"name":"wp","href":"https:\/\/api.w.org\/{rel}","templated":true}]}}