{"id":3398,"date":"2019-07-29T18:31:40","date_gmt":"2019-07-29T18:31:40","guid":{"rendered":"https:\/\/lokys.lt\/a-la-carte-menu\/sriubos\/"},"modified":"2026-04-08T23:19:39","modified_gmt":"2026-04-08T20:19:39","slug":"soups","status":"publish","type":"page","link":"https:\/\/lokys.lt\/en\/a-la-carte-menu\/soups\/","title":{"rendered":"SOUPS"},"content":{"rendered":"\t\t<div data-elementor-type=\"wp-page\" data-elementor-id=\"3398\" class=\"elementor elementor-3398 elementor-2224\" data-elementor-post-type=\"page\">\n\t\t\t\t<div class=\"elementor-element elementor-element-0acbdcd e-flex e-con-boxed e-con e-parent\" data-id=\"0acbdcd\" data-element_type=\"container\" data-e-type=\"container\" data-settings=\"{&quot;background_background&quot;:&quot;classic&quot;}\">\n\t\t\t\t\t<div class=\"e-con-inner\">\n\t\t\t\t<div class=\"elementor-element elementor-element-f1b3ad0 elementor-widget elementor-widget-heading\" data-id=\"f1b3ad0\" data-element_type=\"widget\" data-e-type=\"widget\" data-widget_type=\"heading.default\">\n\t\t\t\t<div class=\"elementor-widget-container\">\n\t\t\t\t\t<h1 class=\"elementor-heading-title elementor-size-default\">SOUPS<\/h1>\t\t\t\t<\/div>\n\t\t\t\t<\/div>\n\t\t\t\t\t<\/div>\n\t\t\t\t<\/div>\n\t\t<div class=\"elementor-element elementor-element-e6e8cf3 e-flex e-con-boxed e-con e-parent\" data-id=\"e6e8cf3\" data-element_type=\"container\" data-e-type=\"container\" data-settings=\"{&quot;background_background&quot;:&quot;classic&quot;}\">\n\t\t\t\t\t<div class=\"e-con-inner\">\n\t\t<div class=\"elementor-element elementor-element-dcf7d16 e-con-full e-flex e-con e-child\" data-id=\"dcf7d16\" data-element_type=\"container\" data-e-type=\"container\">\n\t\t\t\t<div class=\"elementor-element elementor-element-354a161 elementor-widget elementor-widget-heading\" data-id=\"354a161\" data-element_type=\"widget\" data-e-type=\"widget\" data-widget_type=\"heading.default\">\n\t\t\t\t<div class=\"elementor-widget-container\">\n\t\t\t\t\t<h2 class=\"elementor-heading-title elementor-size-default\">SOUPS<\/h2>\t\t\t\t<\/div>\n\t\t\t\t<\/div>\n\t\t\t\t<div class=\"elementor-element elementor-element-39ade5a elementor-widget-divider--view-line elementor-widget elementor-widget-divider\" data-id=\"39ade5a\" data-element_type=\"widget\" data-e-type=\"widget\" data-widget_type=\"divider.default\">\n\t\t\t\t<div class=\"elementor-widget-container\">\n\t\t\t\t\t\t\t<div class=\"elementor-divider\">\n\t\t\t<span class=\"elementor-divider-separator\">\n\t\t\t\t\t\t<\/span>\n\t\t<\/div>\n\t\t\t\t\t\t<\/div>\n\t\t\t\t<\/div>\n\t\t\t\t<div class=\"elementor-element elementor-element-6cf43ac elementor-widget__width-inherit elementor-widget-tablet__width-inherit elementor-widget elementor-widget-text-editor\" data-id=\"6cf43ac\" data-element_type=\"widget\" data-e-type=\"widget\" data-widget_type=\"text-editor.default\">\n\t\t\t\t<div class=\"elementor-widget-container\">\n\t\t\t\t\t\t\t\t\t<p>Most people had knives and spoons, but a fork was very rare and an oddity until the 1700s. Usually only the wealthy had plates and cups of their own. Lower classes shared plates in pairs. People also had trenchers \u2013 thick unleavened bread, which was essentially a bread plate.<\/p><p>The leftover trencher was given to the poor, dogs or sometimes eaten by the diner himself. Over time, however, the trenchers were replaced by a square piece of wood with a circular pit in the middle. Those were the ancestors of modern plates.<\/p>\t\t\t\t\t\t\t\t<\/div>\n\t\t\t\t<\/div>\n\t\t\t\t<\/div>\n\t\t<div class=\"elementor-element elementor-element-6d8f9e7 e-con-full e-flex e-con e-child\" data-id=\"6d8f9e7\" data-element_type=\"container\" data-e-type=\"container\">\n\t\t\t\t<div class=\"elementor-element elementor-element-7eb212a elementor-widget elementor-widget-gallery\" data-id=\"7eb212a\" data-element_type=\"widget\" data-e-type=\"widget\" data-settings=\"{&quot;gallery_layout&quot;:&quot;masonry&quot;,&quot;columns&quot;:2,&quot;columns_mobile&quot;:2,&quot;lazyload&quot;:&quot;yes&quot;,&quot;columns_tablet&quot;:2,&quot;gap&quot;:{&quot;unit&quot;:&quot;px&quot;,&quot;size&quot;:10,&quot;sizes&quot;:[]},&quot;gap_tablet&quot;:{&quot;unit&quot;:&quot;px&quot;,&quot;size&quot;:10,&quot;sizes&quot;:[]},&quot;gap_mobile&quot;:{&quot;unit&quot;:&quot;px&quot;,&quot;size&quot;:10,&quot;sizes&quot;:[]},&quot;link_to&quot;:&quot;file&quot;,&quot;overlay_background&quot;:&quot;yes&quot;,&quot;content_hover_animation&quot;:&quot;fade-in&quot;}\" data-widget_type=\"gallery.default\">\n\t\t\t\t<div class=\"elementor-widget-container\">\n\t\t\t\t\t\t\t<div class=\"elementor-gallery__container\">\n\t\t\t\t\t<\/div>\n\t\t\t\t\t<\/div>\n\t\t\t\t<\/div>\n\t\t\t\t<\/div>\n\t\t\t\t\t<\/div>\n\t\t\t\t<\/div>\n\t\t<div class=\"elementor-element elementor-element-24bc23e e-flex e-con-boxed e-con e-parent\" data-id=\"24bc23e\" data-element_type=\"container\" data-e-type=\"container\" data-settings=\"{&quot;background_background&quot;:&quot;classic&quot;}\">\n\t\t\t\t\t<div class=\"e-con-inner\">\n\t\t<div class=\"elementor-element elementor-element-7e4e93a e-con-full e-flex e-con e-child\" data-id=\"7e4e93a\" data-element_type=\"container\" data-e-type=\"container\">\n\t\t<div class=\"elementor-element elementor-element-0ef15ea e-flex e-con-boxed e-con e-child\" data-id=\"0ef15ea\" data-element_type=\"container\" data-e-type=\"container\">\n\t\t\t\t\t<div class=\"e-con-inner\">\n\t\t<div class=\"elementor-element elementor-element-7713fe0 e-con-full e-flex e-con e-child\" data-id=\"7713fe0\" data-element_type=\"container\" data-e-type=\"container\">\n\t\t\t\t<div class=\"elementor-element elementor-element-aa60f9a elementor-widget-tablet__width-inherit elementor-widget__width-inherit elementor-widget elementor-widget-heading\" data-id=\"aa60f9a\" data-element_type=\"widget\" data-e-type=\"widget\" data-widget_type=\"heading.default\">\n\t\t\t\t<div class=\"elementor-widget-container\">\n\t\t\t\t\t<h2 class=\"elementor-heading-title elementor-size-default\">Crayfish soup  (GF)<\/h2>\t\t\t\t<\/div>\n\t\t\t\t<\/div>\n\t\t\t\t<\/div>\n\t\t\t\t<div class=\"elementor-element elementor-element-efcb166 elementor-widget-tablet__width-inherit elementor-widget elementor-widget-heading\" data-id=\"efcb166\" data-element_type=\"widget\" data-e-type=\"widget\" data-widget_type=\"heading.default\">\n\t\t\t\t<div class=\"elementor-widget-container\">\n\t\t\t\t\t<h2 class=\"elementor-heading-title elementor-size-default\">11 \u20ac<\/h2>\t\t\t\t<\/div>\n\t\t\t\t<\/div>\n\t\t\t\t\t<\/div>\n\t\t\t\t<\/div>\n\t\t<div class=\"elementor-element elementor-element-60a8be4 e-flex e-con-boxed e-con e-child\" data-id=\"60a8be4\" data-element_type=\"container\" data-e-type=\"container\">\n\t\t\t\t\t<div class=\"e-con-inner\">\n\t\t<div class=\"elementor-element elementor-element-61dbd5d e-con-full e-flex e-con e-child\" data-id=\"61dbd5d\" data-element_type=\"container\" data-e-type=\"container\">\n\t\t\t\t<div class=\"elementor-element elementor-element-8f9f951 elementor-widget-tablet__width-inherit elementor-widget__width-inherit elementor-widget elementor-widget-heading\" data-id=\"8f9f951\" data-element_type=\"widget\" data-e-type=\"widget\" data-widget_type=\"heading.default\">\n\t\t\t\t<div class=\"elementor-widget-container\">\n\t\t\t\t\t<h2 class=\"elementor-heading-title elementor-size-default\">Creamy boletus soup beloved by Grand Duchess of Lithuania Ona Vytautien\u0117  (VG, GF)<\/h2>\t\t\t\t<\/div>\n\t\t\t\t<\/div>\n\t\t\t\t<\/div>\n\t\t\t\t<div class=\"elementor-element elementor-element-4dd9314 elementor-widget-tablet__width-inherit elementor-widget__width-inherit elementor-widget elementor-widget-heading\" data-id=\"4dd9314\" data-element_type=\"widget\" data-e-type=\"widget\" data-widget_type=\"heading.default\">\n\t\t\t\t<div class=\"elementor-widget-container\">\n\t\t\t\t\t<p class=\"elementor-heading-title elementor-size-default\">with pumpkin oil<\/p>\t\t\t\t<\/div>\n\t\t\t\t<\/div>\n\t\t\t\t<div class=\"elementor-element elementor-element-6b2e015 elementor-widget-tablet__width-inherit elementor-widget elementor-widget-heading\" data-id=\"6b2e015\" data-element_type=\"widget\" data-e-type=\"widget\" data-widget_type=\"heading.default\">\n\t\t\t\t<div class=\"elementor-widget-container\">\n\t\t\t\t\t<h2 class=\"elementor-heading-title elementor-size-default\">12 \u20ac<\/h2>\t\t\t\t<\/div>\n\t\t\t\t<\/div>\n\t\t\t\t\t<\/div>\n\t\t\t\t<\/div>\n\t\t<div class=\"elementor-element elementor-element-4091bcc e-flex e-con-boxed e-con e-child\" data-id=\"4091bcc\" data-element_type=\"container\" data-e-type=\"container\">\n\t\t\t\t\t<div class=\"e-con-inner\">\n\t\t<div class=\"elementor-element elementor-element-3236103 e-con-full e-flex e-con e-child\" data-id=\"3236103\" data-element_type=\"container\" data-e-type=\"container\">\n\t\t\t\t<div class=\"elementor-element elementor-element-5fb8d85 elementor-widget-tablet__width-inherit elementor-widget__width-inherit elementor-widget elementor-widget-heading\" data-id=\"5fb8d85\" data-element_type=\"widget\" data-e-type=\"widget\" data-widget_type=\"heading.default\">\n\t\t\t\t<div class=\"elementor-widget-container\">\n\t\t\t\t\t<h2 class=\"elementor-heading-title elementor-size-default\">Lithuanian cold beetroot soup \u201c\u0160altibar\u0161\u010diai\u201d  (VG, GF)<\/h2>\t\t\t\t<\/div>\n\t\t\t\t<\/div>\n\t\t\t\t<\/div>\n\t\t\t\t<div class=\"elementor-element elementor-element-4f4f7e4 elementor-widget-tablet__width-inherit elementor-widget__width-inherit elementor-widget elementor-widget-heading\" data-id=\"4f4f7e4\" data-element_type=\"widget\" data-e-type=\"widget\" data-widget_type=\"heading.default\">\n\t\t\t\t<div class=\"elementor-widget-container\">\n\t\t\t\t\t<p class=\"elementor-heading-title elementor-size-default\">served with baby potatoes and hemp seed salt (with kefir)<\/p>\t\t\t\t<\/div>\n\t\t\t\t<\/div>\n\t\t\t\t<div class=\"elementor-element elementor-element-bb10d15 elementor-widget-tablet__width-inherit elementor-widget elementor-widget-heading\" data-id=\"bb10d15\" data-element_type=\"widget\" data-e-type=\"widget\" data-widget_type=\"heading.default\">\n\t\t\t\t<div class=\"elementor-widget-container\">\n\t\t\t\t\t<h2 class=\"elementor-heading-title elementor-size-default\">9 \u20ac<\/h2>\t\t\t\t<\/div>\n\t\t\t\t<\/div>\n\t\t\t\t\t<\/div>\n\t\t\t\t<\/div>\n\t\t\t\t<\/div>\n\t\t\t\t\t<\/div>\n\t\t\t\t<\/div>\n\t\t<div class=\"elementor-element elementor-element-2110e0e e-flex e-con-boxed e-con e-parent\" data-id=\"2110e0e\" data-element_type=\"container\" data-e-type=\"container\" data-settings=\"{&quot;background_background&quot;:&quot;classic&quot;}\">\n\t\t\t\t\t<div class=\"e-con-inner\">\n\t\t<div class=\"elementor-element elementor-element-1803ada e-con-full e-flex e-con e-child\" data-id=\"1803ada\" data-element_type=\"container\" data-e-type=\"container\">\n\t\t<div class=\"elementor-element elementor-element-d72c27d e-con-full e-flex e-con e-child\" data-id=\"d72c27d\" data-element_type=\"container\" data-e-type=\"container\">\n\t\t\t\t<div class=\"elementor-element elementor-element-25c675d elementor-widget-tablet__width-inherit elementor-widget__width-inherit elementor-widget elementor-widget-heading\" data-id=\"25c675d\" data-element_type=\"widget\" data-e-type=\"widget\" data-widget_type=\"heading.default\">\n\t\t\t\t<div class=\"elementor-widget-container\">\n\t\t\t\t\t<h2 class=\"elementor-heading-title elementor-size-default\">Symbols:<\/h2>\t\t\t\t<\/div>\n\t\t\t\t<\/div>\n\t\t\t\t<div class=\"elementor-element elementor-element-8d30566 elementor-widget__width-inherit elementor-widget elementor-widget-text-editor\" data-id=\"8d30566\" data-element_type=\"widget\" data-e-type=\"widget\" data-widget_type=\"text-editor.default\">\n\t\t\t\t<div class=\"elementor-widget-container\">\n\t\t\t\t\t\t\t\t\t<p><strong>V<\/strong> \u2013 vegan, <strong>VG<\/strong> \u2013 vegetarian, <strong>GF<\/strong> \u2013 gluten-free dish.<\/p>\t\t\t\t\t\t\t\t<\/div>\n\t\t\t\t<\/div>\n\t\t\t\t<div class=\"elementor-element elementor-element-3854ee4 elementor-align-center elementor-widget elementor-widget-button\" data-id=\"3854ee4\" data-element_type=\"widget\" data-e-type=\"widget\" data-widget_type=\"button.default\">\n\t\t\t\t<div class=\"elementor-widget-container\">\n\t\t\t\t\t\t\t\t\t<div class=\"elementor-button-wrapper\">\n\t\t\t\t\t<a class=\"elementor-button elementor-button-link elementor-size-sm\" href=\"https:\/\/lokys.lt\/en\/a-la-carte-menu\/\">\n\t\t\t\t\t\t<span class=\"elementor-button-content-wrapper\">\n\t\t\t\t\t\t\t\t\t<span class=\"elementor-button-text\">A la carte menu<\/span>\n\t\t\t\t\t<\/span>\n\t\t\t\t\t<\/a>\n\t\t\t\t<\/div>\n\t\t\t\t\t\t\t\t<\/div>\n\t\t\t\t<\/div>\n\t\t\t\t<\/div>\n\t\t\t\t<\/div>\n\t\t\t\t\t<\/div>\n\t\t\t\t<\/div>\n\t\t\t\t<\/div>\n\t\t","protected":false},"excerpt":{"rendered":"<p>SOUPS Most people had knives and spoons, but a fork was very rare and an oddity until the 1700s. Usually only the wealthy had plates and cups of their own. Lower classes shared plates in pairs. People also had trenchers \u2013 thick unleavened bread, which was essentially a bread plate. The leftover trencher was given [&hellip;]<\/p>\n","protected":false},"author":3,"featured_media":0,"parent":3291,"menu_order":2,"comment_status":"closed","ping_status":"closed","template":"elementor_header_footer","meta":{"footnotes":""},"class_list":["post-3398","page","type-page","status-publish","hentry"],"_links":{"self":[{"href":"https:\/\/lokys.lt\/en\/wp-json\/wp\/v2\/pages\/3398","targetHints":{"allow":["GET"]}}],"collection":[{"href":"https:\/\/lokys.lt\/en\/wp-json\/wp\/v2\/pages"}],"about":[{"href":"https:\/\/lokys.lt\/en\/wp-json\/wp\/v2\/types\/page"}],"author":[{"embeddable":true,"href":"https:\/\/lokys.lt\/en\/wp-json\/wp\/v2\/users\/3"}],"replies":[{"embeddable":true,"href":"https:\/\/lokys.lt\/en\/wp-json\/wp\/v2\/comments?post=3398"}],"version-history":[{"count":6,"href":"https:\/\/lokys.lt\/en\/wp-json\/wp\/v2\/pages\/3398\/revisions"}],"predecessor-version":[{"id":34741,"href":"https:\/\/lokys.lt\/en\/wp-json\/wp\/v2\/pages\/3398\/revisions\/34741"}],"up":[{"embeddable":true,"href":"https:\/\/lokys.lt\/en\/wp-json\/wp\/v2\/pages\/3291"}],"wp:attachment":[{"href":"https:\/\/lokys.lt\/en\/wp-json\/wp\/v2\/media?parent=3398"}],"curies":[{"name":"wp","href":"https:\/\/api.w.org\/{rel}","templated":true}]}}